{"id":167,"date":"2019-06-25T12:53:47","date_gmt":"2019-06-25T12:53:47","guid":{"rendered":"https:\/\/promsoc.saint-henri.be\/?page_id=167"},"modified":"2024-11-12T12:50:27","modified_gmt":"2024-11-12T10:50:27","slug":"horaires","status":"publish","type":"page","link":"https:\/\/promsoc.saint-henri.be\/?page_id=167","title":{"rendered":"Horaires"},"content":{"rendered":"<h1><strong>Le secr\u00e9tariat est ouvert<\/strong><\/h1>\n<p><em>&#8211;<\/em> <u>En journ\u00e9e <\/u><\/p>\n<ul>\n<li>Du lundi au jeudi : 9h00-12h00 et 13h30-17h00<\/li>\n<li>Le vendredi : 9h00-12h00 et 13h30-16h00<\/li>\n<\/ul>\n<p><em>&#8211;<\/em> <u>En soir\u00e9e <\/u><\/p>\n<ul>\n<li>Du lundi au jeudi de 17h00 \u00e0 19h00<\/li>\n<\/ul>\n","protected":false},"excerpt":{"rendered":"<p>Le secr\u00e9tariat est ouvert &#8211; En journ\u00e9e Du lundi au jeudi : 9h00-12h00 et 13h30-17h00 Le vendredi : 9h00-12h00 et 13h30-16h00 &#8211; En soir\u00e9e Du lundi au jeudi de 17h00 \u00e0 19h00<\/p>\n","protected":false},"author":6,"featured_media":0,"parent":0,"menu_order":0,"comment_status":"closed","ping_status":"closed","template":"","meta":{"footnotes":""},"class_list":["post-167","page","type-page","status-publish","hentry"],"_links":{"self":[{"href":"https:\/\/promsoc.saint-henri.be\/index.php?rest_route=\/wp\/v2\/pages\/167","targetHints":{"allow":["GET"]}}],"collection":[{"href":"https:\/\/promsoc.saint-henri.be\/index.php?rest_route=\/wp\/v2\/pages"}],"about":[{"href":"https:\/\/promsoc.saint-henri.be\/index.php?rest_route=\/wp\/v2\/types\/page"}],"author":[{"embeddable":true,"href":"https:\/\/promsoc.saint-henri.be\/index.php?rest_route=\/wp\/v2\/users\/6"}],"replies":[{"embeddable":true,"href":"https:\/\/promsoc.saint-henri.be\/index.php?rest_route=%2Fwp%2Fv2%2Fcomments&post=167"}],"version-history":[{"count":5,"href":"https:\/\/promsoc.saint-henri.be\/index.php?rest_route=\/wp\/v2\/pages\/167\/revisions"}],"predecessor-version":[{"id":487,"href":"https:\/\/promsoc.saint-henri.be\/index.php?rest_route=\/wp\/v2\/pages\/167\/revisions\/487"}],"wp:attachment":[{"href":"https:\/\/promsoc.saint-henri.be\/index.php?rest_route=%2Fwp%2Fv2%2Fmedia&parent=167"}],"curies":[{"name":"wp","href":"https:\/\/api.w.org\/{rel}","templated":true}]}}